{"id":72,"date":"2024-04-16T13:19:30","date_gmt":"2024-04-16T11:19:30","guid":{"rendered":"https:\/\/print.agfaphoto-gtc.com\/?post_type=product&#038;p=72"},"modified":"2026-04-07T11:47:09","modified_gmt":"2026-04-07T09:47:09","slug":"foto-auf-leinwand","status":"publish","type":"product","link":"https:\/\/print.agfaphoto-gtc.com\/de\/produkt\/foto-auf-leinwand\/","title":{"rendered":"Foto auf Leinwand"},"content":{"rendered":"<div class=\"custom-product-description\">\n<p>AgfaPhoto Print verwandelt Ihre Erinnerungen in ein wundersch\u00f6nes Foto auf Leinwand und macht daraus Kunstwerke mit Tiefe und Eleganz.<\/p>\n<h2>Premium-Finish f\u00fcr einen k\u00fcnstlerischen Look<\/h2>\n<p>Jedes Foto auf Leinwand wird auf einem Stoff in Profiqualit\u00e4t mit einer strukturierten, matten Oberfl\u00e4che gedruckt, die an traditionelle Malerei erinnert. Dieses hochwertige Finish verleiht subtile Tiefe und eine sanfte optische Note, die jedes Detail Ihres Bildes hervorhebt. Die Farben werden naturgetreu wiedergegeben und leicht abgemildert, um einen zeitlosen und eleganten Effekt zu erzielen. Die nat\u00fcrliche Struktur f\u00fcgt sich perfekt in warme, authentische oder moderne Interieurs ein und verleiht Ihrer Wanddekoration eine besondere Note.<\/p>\n<\/div>\n<div class=\"fswp-elt--read-more-content-hidden\">\n<h2>Bedruckte Kanten f\u00fcr eine rahmenlose Pr\u00e4sentation<\/h2>\n<p>Im Gegensatz zu manchen Drucken, bei denen die R\u00e4nder unbedruckt bleiben, wird das Leinwandfoto von AgfaPhoto Print mit bedruckten Kanten gefertigt. Diese Technik l\u00e4sst das Bild \u00fcber die Seiten weiterlaufen, was einen Eindruck von Tiefe erzeugt und erm\u00f6glicht, die Leinwand ohne Rahmen zu pr\u00e4sentieren, w\u00e4hrend sie dennoch ein sauberes, professionelles Erscheinungsbild bietet. Die ideale Wahl f\u00fcr alle, die ein sofort aufh\u00e4ngbares Produkt suchen, das einfach zu installieren ist und aus jedem Blickwinkel \u00fcberzeugt.<\/p>\n<h2>Gro\u00dfe Auswahl an Abmessungen f\u00fcr jeden Raum<\/h2>\n<p>Erh\u00e4ltlich in zahlreichen Gr\u00f6\u00dfen passt sich das Leinwandfoto jeder Umgebung an \u2014 von einem kleinen, dezenten Format, das eine Wandgestaltung erg\u00e4nzt, bis hin zu einem gro\u00dfen Statement-Piece, das eine ganze Wand verwandelt. Die Gr\u00f6\u00dfen reichen von klassisch bis panoramisch und eignen sich perfekt, um Portr\u00e4ts, Landschaften oder grafische Werke zu pr\u00e4sentieren. Unabh\u00e4ngig von der gew\u00e4hlten Gr\u00f6\u00dfe bleibt die Druckqualit\u00e4t makellos, mit scharfen Details und perfekter Klarheit.<\/p>\n<h2>Langlebige und best\u00e4ndige Druckqualit\u00e4t<\/h2>\n<p>Dank der Verwendung von hochaufl\u00f6senden, UV-best\u00e4ndigen Tinten und einem robusten Holzrahmen beh\u00e4lt Ihr Leinwandfoto viele Jahre lang seine Farben und Form. Der Stoff bleibt perfekt gespannt, ohne sich zu verziehen, und sorgt so f\u00fcr ein dauerhaft frisches Aussehen. Dies macht es zu einer zuverl\u00e4ssigen und langlebigen Wahl, um Ihre liebsten Erinnerungen oder k\u00fcnstlerischen Werke zu pr\u00e4sentieren.<\/p>\n<h2>Personalisierte Dekoration passend zu Ihrem Stil<\/h2>\n<p>Mit dem foto auf Leinwand von AgfaPhoto Print haben Sie die volle Kontrolle \u00fcber Ihre Raumgestaltung. Landschaften, Portr\u00e4ts, Familienfotos, k\u00fcnstlerische Bilder oder visuelle Botschaften \u2014 alles kann gedruckt werden, um ein einzigartiges St\u00fcck zu schaffen. Einfach online zu bestellen und fertig zum Aufh\u00e4ngen geliefert, vereint dieses Produkt \u00c4sthetik, Personalisierung und professionelle Qualit\u00e4t, um Ihre Fotos in echte Blickf\u00e4nger f\u00fcr Ihr Zuhause zu verwandeln.<\/p>\n<\/div>","protected":false},"excerpt":{"rendered":"<p>AgfaPhoto Print transforms your memories into a beautiful canvas photo print, turning them into works of art with depth and elegance Premium finish for an artistic look Each canvas photo is printed on professional-quality fabric with a textured, matte finish reminiscent of traditional painting. This high-end finish adds subtle depth and a soft visual touch [&hellip;]<\/p>","protected":false},"featured_media":58669,"template":"","meta":[],"product_brand":[],"product_cat":[1478,1482,1445],"product_tag":[],"class_list":{"0":"post-72","1":"product","2":"type-product","3":"status-publish","4":"has-post-thumbnail","6":"product_cat-grandparents-day","7":"product_cat-mothers-month","8":"product_cat-wall-decor","10":"first","11":"instock","12":"taxable","13":"shipping-taxable","14":"purchasable","15":"product-type-variable"},"exclude_global_add_ons":[],"addons":[],"acf":[],"yoast_head":"<!-- This site is optimized with the Yoast SEO plugin v27.4 - https:\/\/yoast.com\/product\/yoast-seo-wordpress\/ -->\n<title>Canvas photo print - AgfaPhoto Print<\/title>\n<meta name=\"description\" content=\"Canvas photo printing: Turn your memories into works of art. Top-quality canvas prints to show off your special memories in your home.\" \/>\n<meta name=\"robots\" content=\"index, follow, max-snippet:-1, max-image-preview:large, max-video-preview:-1\" \/>\n<link rel=\"canonical\" href=\"https:\/\/print.agfaphoto-gtc.com\/de\/produkt\/foto-auf-leinwand\/\" \/>\n<meta property=\"og:locale\" content=\"de_DE\" \/>\n<meta property=\"og:type\" content=\"article\" \/>\n<meta property=\"og:title\" content=\"Canvas photo print - AgfaPhoto Print\" \/>\n<meta property=\"og:description\" content=\"Canvas photo printing: Turn your memories into works of art. Top-quality canvas prints to show off your special memories in your home.\" \/>\n<meta property=\"og:url\" content=\"https:\/\/print.agfaphoto-gtc.com\/de\/produkt\/foto-auf-leinwand\/\" \/>\n<meta property=\"og:site_name\" content=\"AgfaPhoto Print\" \/>\n<meta property=\"article:publisher\" content=\"https:\/\/www.facebook.com\/AgfaPhotoEurope\" \/>\n<meta property=\"article:modified_time\" content=\"2026-04-07T09:47:09+00:00\" \/>\n<meta property=\"og:image\" content=\"https:\/\/print.agfaphoto-gtc.com\/wp-content\/uploads\/2025\/08\/D.webp\" \/>\n\t<meta property=\"og:image:width\" content=\"1000\" \/>\n\t<meta property=\"og:image:height\" content=\"1000\" \/>\n\t<meta property=\"og:image:type\" content=\"image\/webp\" \/>\n<meta name=\"twitter:card\" content=\"summary_large_image\" \/>\n<meta name=\"twitter:label1\" content=\"Gesch\u00e4tzte Lesezeit\" \/>\n\t<meta name=\"twitter:data1\" content=\"2\u00a0Minuten\" \/>\n<script type=\"application\/ld+json\" class=\"yoast-schema-graph\">{\"@context\":\"https:\\\/\\\/schema.org\",\"@graph\":[{\"@type\":\"WebPage\",\"@id\":\"https:\\\/\\\/print.agfaphoto-gtc.com\\\/product\\\/canvas-photo-print\\\/\",\"url\":\"https:\\\/\\\/print.agfaphoto-gtc.com\\\/product\\\/canvas-photo-print\\\/\",\"name\":\"Canvas photo print - AgfaPhoto Print\",\"isPartOf\":{\"@id\":\"https:\\\/\\\/print.agfaphoto-gtc.com\\\/#website\"},\"primaryImageOfPage\":{\"@id\":\"https:\\\/\\\/print.agfaphoto-gtc.com\\\/product\\\/canvas-photo-print\\\/#primaryimage\"},\"image\":{\"@id\":\"https:\\\/\\\/print.agfaphoto-gtc.com\\\/product\\\/canvas-photo-print\\\/#primaryimage\"},\"thumbnailUrl\":\"https:\\\/\\\/print.agfaphoto-gtc.com\\\/wp-content\\\/uploads\\\/2025\\\/08\\\/D.webp\",\"datePublished\":\"2024-04-16T11:19:30+00:00\",\"dateModified\":\"2026-04-07T09:47:09+00:00\",\"description\":\"Canvas photo printing: Turn your memories into works of art. Top-quality canvas prints to show off your special memories in your home.\",\"breadcrumb\":{\"@id\":\"https:\\\/\\\/print.agfaphoto-gtc.com\\\/product\\\/canvas-photo-print\\\/#breadcrumb\"},\"inLanguage\":\"de\",\"potentialAction\":[{\"@type\":\"ReadAction\",\"target\":[\"https:\\\/\\\/print.agfaphoto-gtc.com\\\/product\\\/canvas-photo-print\\\/\"]}]},{\"@type\":\"ImageObject\",\"inLanguage\":\"de\",\"@id\":\"https:\\\/\\\/print.agfaphoto-gtc.com\\\/product\\\/canvas-photo-print\\\/#primaryimage\",\"url\":\"https:\\\/\\\/print.agfaphoto-gtc.com\\\/wp-content\\\/uploads\\\/2025\\\/08\\\/D.webp\",\"contentUrl\":\"https:\\\/\\\/print.agfaphoto-gtc.com\\\/wp-content\\\/uploads\\\/2025\\\/08\\\/D.webp\",\"width\":1000,\"height\":1000},{\"@type\":\"BreadcrumbList\",\"@id\":\"https:\\\/\\\/print.agfaphoto-gtc.com\\\/product\\\/canvas-photo-print\\\/#breadcrumb\",\"itemListElement\":[{\"@type\":\"ListItem\",\"position\":1,\"name\":\"Home\",\"item\":\"https:\\\/\\\/print.agfaphoto-gtc.com\\\/\"},{\"@type\":\"ListItem\",\"position\":2,\"name\":\"Shop\",\"item\":\"https:\\\/\\\/print.agfaphoto-gtc.com\\\/shop\\\/\"},{\"@type\":\"ListItem\",\"position\":3,\"name\":\"Mothers' Month\",\"item\":\"https:\\\/\\\/print.agfaphoto-gtc.com\\\/category\\\/mothers-month\\\/\"},{\"@type\":\"ListItem\",\"position\":4,\"name\":\"Canvas photo print\"}]},{\"@type\":\"WebSite\",\"@id\":\"https:\\\/\\\/print.agfaphoto-gtc.com\\\/#website\",\"url\":\"https:\\\/\\\/print.agfaphoto-gtc.com\\\/\",\"name\":\"AgfaPhoto Print\",\"description\":\"\",\"publisher\":{\"@id\":\"https:\\\/\\\/print.agfaphoto-gtc.com\\\/#organization\"},\"potentialAction\":[{\"@type\":\"SearchAction\",\"target\":{\"@type\":\"EntryPoint\",\"urlTemplate\":\"https:\\\/\\\/print.agfaphoto-gtc.com\\\/?s={search_term_string}\"},\"query-input\":{\"@type\":\"PropertyValueSpecification\",\"valueRequired\":true,\"valueName\":\"search_term_string\"}}],\"inLanguage\":\"de\"},{\"@type\":\"Organization\",\"@id\":\"https:\\\/\\\/print.agfaphoto-gtc.com\\\/#organization\",\"name\":\"AgfaPhoto Print\",\"url\":\"https:\\\/\\\/print.agfaphoto-gtc.com\\\/\",\"logo\":{\"@type\":\"ImageObject\",\"inLanguage\":\"de\",\"@id\":\"https:\\\/\\\/print.agfaphoto-gtc.com\\\/#\\\/schema\\\/logo\\\/image\\\/\",\"url\":\"https:\\\/\\\/print.agfaphoto-gtc.com\\\/wp-content\\\/uploads\\\/2025\\\/08\\\/agfaphoto-print-logo-2026.webp\",\"contentUrl\":\"https:\\\/\\\/print.agfaphoto-gtc.com\\\/wp-content\\\/uploads\\\/2025\\\/08\\\/agfaphoto-print-logo-2026.webp\",\"width\":979,\"height\":240,\"caption\":\"AgfaPhoto Print\"},\"image\":{\"@id\":\"https:\\\/\\\/print.agfaphoto-gtc.com\\\/#\\\/schema\\\/logo\\\/image\\\/\"},\"sameAs\":[\"https:\\\/\\\/www.facebook.com\\\/AgfaPhotoEurope\",\"https:\\\/\\\/www.instagram.com\\\/agfaphoto_europe\",\"https:\\\/\\\/www.tiktok.com\\\/@agfaphoto_europe\"]}]}<\/script>\n<!-- \/ Yoast SEO plugin. -->","yoast_head_json":{"title":"Foto auf Leinwand - AgfaPhoto Print","description":"Fotodruck auf Leinwand: Verwandeln Sie Ihre Erinnerungen in Kunstwerke. Qualitativ hochwertige Drucke auf Leinwand, um Ihr Zuhause mit Ihren besonderen Momenten zu dekorieren.","robots":{"index":"index","follow":"follow","max-snippet":"max-snippet:-1","max-image-preview":"max-image-preview:large","max-video-preview":"max-video-preview:-1"},"canonical":"https:\/\/print.agfaphoto-gtc.com\/de\/produkt\/foto-auf-leinwand\/","og_locale":"de_DE","og_type":"article","og_title":"Canvas photo print - AgfaPhoto Print","og_description":"Canvas photo printing: Turn your memories into works of art. Top-quality canvas prints to show off your special memories in your home.","og_url":"https:\/\/print.agfaphoto-gtc.com\/de\/produkt\/foto-auf-leinwand\/","og_site_name":"AgfaPhoto Print","article_publisher":"https:\/\/www.facebook.com\/AgfaPhotoEurope","article_modified_time":"2026-04-07T09:47:09+00:00","og_image":[{"width":1000,"height":1000,"url":"https:\/\/print.agfaphoto-gtc.com\/wp-content\/uploads\/2025\/08\/D.webp","type":"image\/webp"}],"twitter_card":"summary_large_image","twitter_misc":{"Gesch\u00e4tzte Lesezeit":"2\u00a0Minuten"},"schema":{"@context":"https:\/\/schema.org","@graph":[{"@type":"WebPage","@id":"https:\/\/print.agfaphoto-gtc.com\/product\/canvas-photo-print\/","url":"https:\/\/print.agfaphoto-gtc.com\/product\/canvas-photo-print\/","name":"Foto auf Leinwand - AgfaPhoto Print","isPartOf":{"@id":"https:\/\/print.agfaphoto-gtc.com\/#website"},"primaryImageOfPage":{"@id":"https:\/\/print.agfaphoto-gtc.com\/product\/canvas-photo-print\/#primaryimage"},"image":{"@id":"https:\/\/print.agfaphoto-gtc.com\/product\/canvas-photo-print\/#primaryimage"},"thumbnailUrl":"https:\/\/print.agfaphoto-gtc.com\/wp-content\/uploads\/2025\/08\/D.webp","datePublished":"2024-04-16T11:19:30+00:00","dateModified":"2026-04-07T09:47:09+00:00","description":"Fotodruck auf Leinwand: Verwandeln Sie Ihre Erinnerungen in Kunstwerke. Qualitativ hochwertige Drucke auf Leinwand, um Ihr Zuhause mit Ihren besonderen Momenten zu dekorieren.","breadcrumb":{"@id":"https:\/\/print.agfaphoto-gtc.com\/product\/canvas-photo-print\/#breadcrumb"},"inLanguage":"de","potentialAction":[{"@type":"ReadAction","target":["https:\/\/print.agfaphoto-gtc.com\/product\/canvas-photo-print\/"]}]},{"@type":"ImageObject","inLanguage":"de","@id":"https:\/\/print.agfaphoto-gtc.com\/product\/canvas-photo-print\/#primaryimage","url":"https:\/\/print.agfaphoto-gtc.com\/wp-content\/uploads\/2025\/08\/D.webp","contentUrl":"https:\/\/print.agfaphoto-gtc.com\/wp-content\/uploads\/2025\/08\/D.webp","width":1000,"height":1000},{"@type":"BreadcrumbList","@id":"https:\/\/print.agfaphoto-gtc.com\/product\/canvas-photo-print\/#breadcrumb","itemListElement":[{"@type":"ListItem","position":1,"name":"Home","item":"https:\/\/print.agfaphoto-gtc.com\/"},{"@type":"ListItem","position":2,"name":"Shop","item":"https:\/\/print.agfaphoto-gtc.com\/shop\/"},{"@type":"ListItem","position":3,"name":"Mothers' Month","item":"https:\/\/print.agfaphoto-gtc.com\/category\/mothers-month\/"},{"@type":"ListItem","position":4,"name":"Canvas photo print"}]},{"@type":"WebSite","@id":"https:\/\/print.agfaphoto-gtc.com\/#website","url":"https:\/\/print.agfaphoto-gtc.com\/","name":"AgfaPhoto Print","description":"","publisher":{"@id":"https:\/\/print.agfaphoto-gtc.com\/#organization"},"potentialAction":[{"@type":"SearchAction","target":{"@type":"EntryPoint","urlTemplate":"https:\/\/print.agfaphoto-gtc.com\/?s={search_term_string}"},"query-input":{"@type":"PropertyValueSpecification","valueRequired":true,"valueName":"search_term_string"}}],"inLanguage":"de"},{"@type":"Organization","@id":"https:\/\/print.agfaphoto-gtc.com\/#organization","name":"AgfaPhoto Print","url":"https:\/\/print.agfaphoto-gtc.com\/","logo":{"@type":"ImageObject","inLanguage":"de","@id":"https:\/\/print.agfaphoto-gtc.com\/#\/schema\/logo\/image\/","url":"https:\/\/print.agfaphoto-gtc.com\/wp-content\/uploads\/2025\/08\/agfaphoto-print-logo-2026.webp","contentUrl":"https:\/\/print.agfaphoto-gtc.com\/wp-content\/uploads\/2025\/08\/agfaphoto-print-logo-2026.webp","width":979,"height":240,"caption":"AgfaPhoto Print"},"image":{"@id":"https:\/\/print.agfaphoto-gtc.com\/#\/schema\/logo\/image\/"},"sameAs":["https:\/\/www.facebook.com\/AgfaPhotoEurope","https:\/\/www.instagram.com\/agfaphoto_europe","https:\/\/www.tiktok.com\/@agfaphoto_europe"]}]}},"_links":{"self":[{"href":"https:\/\/print.agfaphoto-gtc.com\/de\/wp-json\/wp\/v2\/product\/72","targetHints":{"allow":["GET"]}}],"collection":[{"href":"https:\/\/print.agfaphoto-gtc.com\/de\/wp-json\/wp\/v2\/product"}],"about":[{"href":"https:\/\/print.agfaphoto-gtc.com\/de\/wp-json\/wp\/v2\/types\/product"}],"wp:featuredmedia":[{"embeddable":true,"href":"https:\/\/print.agfaphoto-gtc.com\/de\/wp-json\/wp\/v2\/media\/58669"}],"wp:attachment":[{"href":"https:\/\/print.agfaphoto-gtc.com\/de\/wp-json\/wp\/v2\/media?parent=72"}],"wp:term":[{"taxonomy":"product_brand","embeddable":true,"href":"https:\/\/print.agfaphoto-gtc.com\/de\/wp-json\/wp\/v2\/product_brand?post=72"},{"taxonomy":"product_cat","embeddable":true,"href":"https:\/\/print.agfaphoto-gtc.com\/de\/wp-json\/wp\/v2\/product_cat?post=72"},{"taxonomy":"product_tag","embeddable":true,"href":"https:\/\/print.agfaphoto-gtc.com\/de\/wp-json\/wp\/v2\/product_tag?post=72"}],"curies":[{"name":"wp","href":"https:\/\/api.w.org\/{rel}","templated":true}]}}