{"id":65,"date":"2024-04-16T13:19:30","date_gmt":"2024-04-16T11:19:30","guid":{"rendered":"https:\/\/print.agfaphoto-gtc.com\/?post_type=product&#038;p=65"},"modified":"2026-04-07T11:49:38","modified_gmt":"2026-04-07T09:49:38","slug":"mug-standard-personnalise","status":"publish","type":"product","link":"https:\/\/print.agfaphoto-gtc.com\/fr\/produit\/mug-standard-personnalise\/","title":{"rendered":"Mug standard personnalis\u00e9"},"content":{"rendered":"<div class=\"custom-product-description\">\n<p>Avec AgfaPhoto Print, cr\u00e9ez un mug standard personnalis\u00e9 pour savourer et partager vos souvenirs les plus pr\u00e9cieux.<\/p>\n<h2>Un mug qui raconte votre histoire<\/h2>\n<p>Notre mug standard personnalis\u00e9, fabriqu\u00e9 en c\u00e9ramique blanche de haute qualit\u00e9, est bien plus qu\u2019une simple tasse \u2014 c\u2019est un mug photo qui porte vos souvenirs et raconte votre histoire.<\/p>\n<\/div>\n<div class=\"fswp-elt--read-more-content-hidden\">\n<h2>Un design pratique et fait pour durer<\/h2>\n<p>D\u2019une capacit\u00e9 de 325 ml, il est parfait pour le caf\u00e9, le th\u00e9 ou le chocolat chaud, \u00e0 la maison comme au bureau. Ses dimensions confortables (9,5 cm de haut et 8 cm de diam\u00e8tre) et sa structure robuste lui permettent de passer au micro-ondes et au lave-vaisselle sans alt\u00e9rer l\u2019\u00e9clat de votre impression. Gr\u00e2ce \u00e0 l\u2019impression par sublimation, vos images et cr\u00e9ations sont reproduites en quadrichromie sur toute la surface (20 \u00d7 7 cm) avec un rendu vif et durable.<\/p>\n<h2>Un cadeau personnalis\u00e9 pour toutes les occasions<\/h2>\n<p>Pour c\u00e9l\u00e9brer une naissance, immortaliser un mariage, surprendre un proche pour son anniversaire ou marquer la p\u00e9riode des f\u00eates, ce mug personnalis\u00e9 est le cadeau id\u00e9al. Ajoutez une photo de b\u00e9b\u00e9, un paysage de vacances, une date importante, une citation inspirante ou m\u00eame un dessin d\u2019enfant \u2014 laissez libre cours \u00e0 votre imagination pour cr\u00e9er un pr\u00e9sent unique qui sera ch\u00e9ri.<\/p>\n<h2>Une cr\u00e9ation simple aux possibilit\u00e9s infinies<\/h2>\n<p>L\u2019\u00e9diteur en ligne d\u2019AgfaPhoto Print vous offre une exp\u00e9rience fluide et cr\u00e9ative. Disposez jusqu\u2019\u00e0 cinq photos dans diff\u00e9rentes mises en page, ou importez vos propres visuels avec texte et graphismes, et pr\u00e9visualisez le r\u00e9sultat en temps r\u00e9el. En quelques clics, votre id\u00e9e prend forme pour devenir un cadeau original comme nul autre.<\/p>\n<h2>Un compagnon du quotidien<\/h2>\n<p>Fabriqu\u00e9 en c\u00e9ramique, ce mug de 300 g pr\u00e9sente une base blanche \u00e9clatante qui met en valeur vos visuels. Son impression par sublimation sur toute la surface garantit des couleurs \u00e9clatantes lavage apr\u00e8s lavage. Avec sa forme ergonomique et sa g\u00e9n\u00e9reuse capacit\u00e9, il deviendra vite votre compagnon pr\u00e9f\u00e9r\u00e9 pour les pauses caf\u00e9 ou th\u00e9.<\/p>\n<\/div>","protected":false},"excerpt":{"rendered":"<p>Apportez de la douceur \u00e0 votre quotidien ou \u00e0 celui de vos proches en s\u00e9lectionnant ou en offrant un mug personnalis\u00e9 avec l\u2019une de vos photos pr\u00e9f\u00e9r\u00e9es.<\/p>","protected":false},"featured_media":10791,"template":"","meta":{"jetpack_post_was_ever_published":false},"product_brand":[],"product_cat":[1478,1482,1447,1481],"product_tag":[],"class_list":{"0":"post-65","1":"product","2":"type-product","3":"status-publish","4":"has-post-thumbnail","6":"product_cat-grandparents-day","7":"product_cat-mothers-month","8":"product_cat-personalised-mugs","9":"product_cat-spring-offers","11":"first","12":"instock","13":"taxable","14":"shipping-taxable","15":"purchasable","16":"product-type-simple"},"exclude_global_add_ons":[],"addons":[],"acf":[],"yoast_head":"<!-- This site is optimized with the Yoast SEO plugin v27.3 - https:\/\/yoast.com\/product\/yoast-seo-wordpress\/ -->\n<title>Personalised standard mug - AgfaPhoto Print<\/title>\n<meta name=\"description\" content=\"Personalised standard photo mug: Enjoy your favourite drinks in a mug decorated with your photos. A personalised gift for daily smiles and great memories.\" \/>\n<meta name=\"robots\" content=\"index, follow, max-snippet:-1, max-image-preview:large, max-video-preview:-1\" \/>\n<link rel=\"canonical\" href=\"https:\/\/print.agfaphoto-gtc.com\/fr\/produit\/mug-standard-personnalise\/\" \/>\n<meta property=\"og:locale\" content=\"fr_FR\" \/>\n<meta property=\"og:type\" content=\"article\" \/>\n<meta property=\"og:title\" content=\"Personalised standard mug - AgfaPhoto Print\" \/>\n<meta property=\"og:description\" content=\"Personalised standard photo mug: Enjoy your favourite drinks in a mug decorated with your photos. A personalised gift for daily smiles and great memories.\" \/>\n<meta property=\"og:url\" content=\"https:\/\/print.agfaphoto-gtc.com\/fr\/produit\/mug-standard-personnalise\/\" \/>\n<meta property=\"og:site_name\" content=\"AgfaPhoto Print\" \/>\n<meta property=\"article:publisher\" content=\"https:\/\/www.facebook.com\/AgfaPhotoEurope\" \/>\n<meta property=\"article:modified_time\" content=\"2026-04-07T09:49:38+00:00\" \/>\n<meta property=\"og:image\" content=\"https:\/\/print.agfaphoto-gtc.com\/wp-content\/uploads\/2024\/04\/49.jpg\" \/>\n\t<meta property=\"og:image:width\" content=\"1000\" \/>\n\t<meta property=\"og:image:height\" content=\"1000\" \/>\n\t<meta property=\"og:image:type\" content=\"image\/jpeg\" \/>\n<meta name=\"twitter:card\" content=\"summary_large_image\" \/>\n<meta name=\"twitter:label1\" content=\"Dur\u00e9e de lecture estim\u00e9e\" \/>\n\t<meta name=\"twitter:data1\" content=\"2 minutes\" \/>\n<script type=\"application\/ld+json\" class=\"yoast-schema-graph\">{\"@context\":\"https:\\\/\\\/schema.org\",\"@graph\":[{\"@type\":\"WebPage\",\"@id\":\"https:\\\/\\\/print.agfaphoto-gtc.com\\\/product\\\/personalised-standard-mug\\\/\",\"url\":\"https:\\\/\\\/print.agfaphoto-gtc.com\\\/product\\\/personalised-standard-mug\\\/\",\"name\":\"Personalised standard mug - AgfaPhoto Print\",\"isPartOf\":{\"@id\":\"https:\\\/\\\/print.agfaphoto-gtc.com\\\/#website\"},\"primaryImageOfPage\":{\"@id\":\"https:\\\/\\\/print.agfaphoto-gtc.com\\\/product\\\/personalised-standard-mug\\\/#primaryimage\"},\"image\":{\"@id\":\"https:\\\/\\\/print.agfaphoto-gtc.com\\\/product\\\/personalised-standard-mug\\\/#primaryimage\"},\"thumbnailUrl\":\"https:\\\/\\\/print.agfaphoto-gtc.com\\\/wp-content\\\/uploads\\\/2024\\\/04\\\/49.jpg\",\"datePublished\":\"2024-04-16T11:19:30+00:00\",\"dateModified\":\"2026-04-07T09:49:38+00:00\",\"description\":\"Personalised standard photo mug: Enjoy your favourite drinks in a mug decorated with your photos. A personalised gift for daily smiles and great memories.\",\"breadcrumb\":{\"@id\":\"https:\\\/\\\/print.agfaphoto-gtc.com\\\/product\\\/personalised-standard-mug\\\/#breadcrumb\"},\"inLanguage\":\"fr-FR\",\"potentialAction\":[{\"@type\":\"ReadAction\",\"target\":[\"https:\\\/\\\/print.agfaphoto-gtc.com\\\/product\\\/personalised-standard-mug\\\/\"]}]},{\"@type\":\"ImageObject\",\"inLanguage\":\"fr-FR\",\"@id\":\"https:\\\/\\\/print.agfaphoto-gtc.com\\\/product\\\/personalised-standard-mug\\\/#primaryimage\",\"url\":\"https:\\\/\\\/print.agfaphoto-gtc.com\\\/wp-content\\\/uploads\\\/2024\\\/04\\\/49.jpg\",\"contentUrl\":\"https:\\\/\\\/print.agfaphoto-gtc.com\\\/wp-content\\\/uploads\\\/2024\\\/04\\\/49.jpg\",\"width\":1000,\"height\":1000},{\"@type\":\"BreadcrumbList\",\"@id\":\"https:\\\/\\\/print.agfaphoto-gtc.com\\\/product\\\/personalised-standard-mug\\\/#breadcrumb\",\"itemListElement\":[{\"@type\":\"ListItem\",\"position\":1,\"name\":\"Home\",\"item\":\"https:\\\/\\\/print.agfaphoto-gtc.com\\\/\"},{\"@type\":\"ListItem\",\"position\":2,\"name\":\"Shop\",\"item\":\"https:\\\/\\\/print.agfaphoto-gtc.com\\\/shop\\\/\"},{\"@type\":\"ListItem\",\"position\":3,\"name\":\"Photo gifts\",\"item\":\"https:\\\/\\\/print.agfaphoto-gtc.com\\\/category\\\/photo-gifts\\\/\"},{\"@type\":\"ListItem\",\"position\":4,\"name\":\"Personalised mugs\",\"item\":\"https:\\\/\\\/print.agfaphoto-gtc.com\\\/category\\\/photo-gifts\\\/personalised-mugs\\\/\"},{\"@type\":\"ListItem\",\"position\":5,\"name\":\"Personalised standard mug\"}]},{\"@type\":\"WebSite\",\"@id\":\"https:\\\/\\\/print.agfaphoto-gtc.com\\\/#website\",\"url\":\"https:\\\/\\\/print.agfaphoto-gtc.com\\\/\",\"name\":\"AgfaPhoto Print\",\"description\":\"\",\"publisher\":{\"@id\":\"https:\\\/\\\/print.agfaphoto-gtc.com\\\/#organization\"},\"potentialAction\":[{\"@type\":\"SearchAction\",\"target\":{\"@type\":\"EntryPoint\",\"urlTemplate\":\"https:\\\/\\\/print.agfaphoto-gtc.com\\\/?s={search_term_string}\"},\"query-input\":{\"@type\":\"PropertyValueSpecification\",\"valueRequired\":true,\"valueName\":\"search_term_string\"}}],\"inLanguage\":\"fr-FR\"},{\"@type\":\"Organization\",\"@id\":\"https:\\\/\\\/print.agfaphoto-gtc.com\\\/#organization\",\"name\":\"AgfaPhoto Print\",\"url\":\"https:\\\/\\\/print.agfaphoto-gtc.com\\\/\",\"logo\":{\"@type\":\"ImageObject\",\"inLanguage\":\"fr-FR\",\"@id\":\"https:\\\/\\\/print.agfaphoto-gtc.com\\\/#\\\/schema\\\/logo\\\/image\\\/\",\"url\":\"https:\\\/\\\/print.agfaphoto-gtc.com\\\/wp-content\\\/uploads\\\/2025\\\/08\\\/agfaphoto-print-logo-2026.webp\",\"contentUrl\":\"https:\\\/\\\/print.agfaphoto-gtc.com\\\/wp-content\\\/uploads\\\/2025\\\/08\\\/agfaphoto-print-logo-2026.webp\",\"width\":979,\"height\":240,\"caption\":\"AgfaPhoto Print\"},\"image\":{\"@id\":\"https:\\\/\\\/print.agfaphoto-gtc.com\\\/#\\\/schema\\\/logo\\\/image\\\/\"},\"sameAs\":[\"https:\\\/\\\/www.facebook.com\\\/AgfaPhotoEurope\",\"https:\\\/\\\/www.instagram.com\\\/agfaphoto_europe\",\"https:\\\/\\\/www.tiktok.com\\\/@agfaphoto_europe\"]}]}<\/script>\n<!-- \/ Yoast SEO plugin. -->","yoast_head_json":{"title":"Mug standard personnalis\u00e9 - AgfaPhoto Print","description":"Mug standard personnalis\u00e9: Savourez vos boissons pr\u00e9f\u00e9r\u00e9es dans un mug orn\u00e9 de vos photos. Un cadeau quotidien personnalis\u00e9 qui apporte sourire et souvenirs.","robots":{"index":"index","follow":"follow","max-snippet":"max-snippet:-1","max-image-preview":"max-image-preview:large","max-video-preview":"max-video-preview:-1"},"canonical":"https:\/\/print.agfaphoto-gtc.com\/fr\/produit\/mug-standard-personnalise\/","og_locale":"fr_FR","og_type":"article","og_title":"Personalised standard mug - AgfaPhoto Print","og_description":"Personalised standard photo mug: Enjoy your favourite drinks in a mug decorated with your photos. A personalised gift for daily smiles and great memories.","og_url":"https:\/\/print.agfaphoto-gtc.com\/fr\/produit\/mug-standard-personnalise\/","og_site_name":"AgfaPhoto Print","article_publisher":"https:\/\/www.facebook.com\/AgfaPhotoEurope","article_modified_time":"2026-04-07T09:49:38+00:00","og_image":[{"width":1000,"height":1000,"url":"https:\/\/print.agfaphoto-gtc.com\/wp-content\/uploads\/2024\/04\/49.jpg","type":"image\/jpeg"}],"twitter_card":"summary_large_image","twitter_misc":{"Dur\u00e9e de lecture estim\u00e9e":"2 minutes"},"schema":{"@context":"https:\/\/schema.org","@graph":[{"@type":"WebPage","@id":"https:\/\/print.agfaphoto-gtc.com\/product\/personalised-standard-mug\/","url":"https:\/\/print.agfaphoto-gtc.com\/product\/personalised-standard-mug\/","name":"Mug standard personnalis\u00e9 - AgfaPhoto Print","isPartOf":{"@id":"https:\/\/print.agfaphoto-gtc.com\/#website"},"primaryImageOfPage":{"@id":"https:\/\/print.agfaphoto-gtc.com\/product\/personalised-standard-mug\/#primaryimage"},"image":{"@id":"https:\/\/print.agfaphoto-gtc.com\/product\/personalised-standard-mug\/#primaryimage"},"thumbnailUrl":"https:\/\/print.agfaphoto-gtc.com\/wp-content\/uploads\/2024\/04\/49.jpg","datePublished":"2024-04-16T11:19:30+00:00","dateModified":"2026-04-07T09:49:38+00:00","description":"Mug standard personnalis\u00e9: Savourez vos boissons pr\u00e9f\u00e9r\u00e9es dans un mug orn\u00e9 de vos photos. Un cadeau quotidien personnalis\u00e9 qui apporte sourire et souvenirs.","breadcrumb":{"@id":"https:\/\/print.agfaphoto-gtc.com\/product\/personalised-standard-mug\/#breadcrumb"},"inLanguage":"fr-FR","potentialAction":[{"@type":"ReadAction","target":["https:\/\/print.agfaphoto-gtc.com\/product\/personalised-standard-mug\/"]}]},{"@type":"ImageObject","inLanguage":"fr-FR","@id":"https:\/\/print.agfaphoto-gtc.com\/product\/personalised-standard-mug\/#primaryimage","url":"https:\/\/print.agfaphoto-gtc.com\/wp-content\/uploads\/2024\/04\/49.jpg","contentUrl":"https:\/\/print.agfaphoto-gtc.com\/wp-content\/uploads\/2024\/04\/49.jpg","width":1000,"height":1000},{"@type":"BreadcrumbList","@id":"https:\/\/print.agfaphoto-gtc.com\/product\/personalised-standard-mug\/#breadcrumb","itemListElement":[{"@type":"ListItem","position":1,"name":"Home","item":"https:\/\/print.agfaphoto-gtc.com\/"},{"@type":"ListItem","position":2,"name":"Shop","item":"https:\/\/print.agfaphoto-gtc.com\/shop\/"},{"@type":"ListItem","position":3,"name":"Photo gifts","item":"https:\/\/print.agfaphoto-gtc.com\/category\/photo-gifts\/"},{"@type":"ListItem","position":4,"name":"Personalised mugs","item":"https:\/\/print.agfaphoto-gtc.com\/category\/photo-gifts\/personalised-mugs\/"},{"@type":"ListItem","position":5,"name":"Personalised standard mug"}]},{"@type":"WebSite","@id":"https:\/\/print.agfaphoto-gtc.com\/#website","url":"https:\/\/print.agfaphoto-gtc.com\/","name":"AgfaPhoto Print","description":"","publisher":{"@id":"https:\/\/print.agfaphoto-gtc.com\/#organization"},"potentialAction":[{"@type":"SearchAction","target":{"@type":"EntryPoint","urlTemplate":"https:\/\/print.agfaphoto-gtc.com\/?s={search_term_string}"},"query-input":{"@type":"PropertyValueSpecification","valueRequired":true,"valueName":"search_term_string"}}],"inLanguage":"fr-FR"},{"@type":"Organization","@id":"https:\/\/print.agfaphoto-gtc.com\/#organization","name":"AgfaPhoto Print","url":"https:\/\/print.agfaphoto-gtc.com\/","logo":{"@type":"ImageObject","inLanguage":"fr-FR","@id":"https:\/\/print.agfaphoto-gtc.com\/#\/schema\/logo\/image\/","url":"https:\/\/print.agfaphoto-gtc.com\/wp-content\/uploads\/2025\/08\/agfaphoto-print-logo-2026.webp","contentUrl":"https:\/\/print.agfaphoto-gtc.com\/wp-content\/uploads\/2025\/08\/agfaphoto-print-logo-2026.webp","width":979,"height":240,"caption":"AgfaPhoto Print"},"image":{"@id":"https:\/\/print.agfaphoto-gtc.com\/#\/schema\/logo\/image\/"},"sameAs":["https:\/\/www.facebook.com\/AgfaPhotoEurope","https:\/\/www.instagram.com\/agfaphoto_europe","https:\/\/www.tiktok.com\/@agfaphoto_europe"]}]}},"_links":{"self":[{"href":"https:\/\/print.agfaphoto-gtc.com\/fr\/wp-json\/wp\/v2\/product\/65","targetHints":{"allow":["GET"]}}],"collection":[{"href":"https:\/\/print.agfaphoto-gtc.com\/fr\/wp-json\/wp\/v2\/product"}],"about":[{"href":"https:\/\/print.agfaphoto-gtc.com\/fr\/wp-json\/wp\/v2\/types\/product"}],"wp:featuredmedia":[{"embeddable":true,"href":"https:\/\/print.agfaphoto-gtc.com\/fr\/wp-json\/wp\/v2\/media\/10791"}],"wp:attachment":[{"href":"https:\/\/print.agfaphoto-gtc.com\/fr\/wp-json\/wp\/v2\/media?parent=65"}],"wp:term":[{"taxonomy":"product_brand","embeddable":true,"href":"https:\/\/print.agfaphoto-gtc.com\/fr\/wp-json\/wp\/v2\/product_brand?post=65"},{"taxonomy":"product_cat","embeddable":true,"href":"https:\/\/print.agfaphoto-gtc.com\/fr\/wp-json\/wp\/v2\/product_cat?post=65"},{"taxonomy":"product_tag","embeddable":true,"href":"https:\/\/print.agfaphoto-gtc.com\/fr\/wp-json\/wp\/v2\/product_tag?post=65"}],"curies":[{"name":"wp","href":"https:\/\/api.w.org\/{rel}","templated":true}]}}